{"id":1126,"date":"2022-06-09T18:32:55","date_gmt":"2022-06-09T18:32:55","guid":{"rendered":"http:\/\/ouicantalk.com\/?page_id=1126"},"modified":"2026-03-13T14:28:51","modified_gmt":"2026-03-13T14:28:51","slug":"tarifs-fees","status":"publish","type":"page","link":"https:\/\/ouicantalk.com\/fr\/tarifs-fees\/","title":{"rendered":"Tarifs"},"content":{"rendered":"<div data-elementor-type=\"wp-page\" data-elementor-id=\"1126\" class=\"elementor elementor-1126\">\n\t\t\t\t\t\t<section class=\"elementor-section elementor-top-section elementor-element elementor-element-u3adbbk elementor-section-content-top elementor-section-boxed elementor-section-height-default elementor-section-height-default\" data-id=\"u3adbbk\" data-element_type=\"section\" data-e-type=\"section\" data-settings=\"{&quot;background_background&quot;:&quot;classic&quot;}\">\n\t\t\t\t\t\t\t<div class=\"elementor-background-overlay\"><\/div>\n\t\t\t\t\t\t\t<div class=\"elementor-container elementor-column-gap-no\">\n\t\t\t\t\t<div class=\"elementor-column elementor-col-100 elementor-top-column elementor-element elementor-element-fd3d3a5\" data-id=\"fd3d3a5\" data-element_type=\"column\" data-e-type=\"column\">\n\t\t\t<div class=\"elementor-widget-wrap elementor-element-populated\">\n\t\t\t\t\t\t<div class=\"elementor-element elementor-element-49427c7 elementor-widget elementor-widget-heading\" data-id=\"49427c7\" data-element_type=\"widget\" data-e-type=\"widget\" data-widget_type=\"heading.default\">\n\t\t\t\t<div class=\"elementor-widget-container\">\n\t\t\t\t\t<h5 class=\"elementor-heading-title elementor-size-default\">Because everyone deserves support<\/h5>\t\t\t\t<\/div>\n\t\t\t\t<\/div>\n\t\t\t\t<div class=\"elementor-element elementor-element-02c3e36 elementor-widget elementor-widget-heading\" data-id=\"02c3e36\" data-element_type=\"widget\" data-e-type=\"widget\" data-widget_type=\"heading.default\">\n\t\t\t\t<div class=\"elementor-widget-container\">\n\t\t\t\t\t<h2 class=\"elementor-heading-title elementor-size-default\">Session Fee<\/h2>\t\t\t\t<\/div>\n\t\t\t\t<\/div>\n\t\t\t\t<div class=\"elementor-element elementor-element-4529f61 elementor-widget__width-initial elementor-widget elementor-widget-text-editor\" data-id=\"4529f61\" data-element_type=\"widget\" data-e-type=\"widget\" data-widget_type=\"text-editor.default\">\n\t\t\t\t<div class=\"elementor-widget-container\">\n\t\t\t\t\t\t\t\t\t<p data-start=\"360\" data-end=\"603\">Therapy sessions last <strong data-start=\"382\" data-end=\"402\">50 to 60 minutes<\/strong> and are offered at a fee of <strong data-start=\"431\" data-end=\"439\">\u20ac100<\/strong>. This fee reflects not only the time spent together in session, but also the preparation, reflection, and administrative work that support the therapeutic process.\u00a0<span style=\"font-style: inherit; font-weight: inherit; letter-spacing: 0px;\">Relationship and family sessions, which typically last <\/span><strong style=\"font-style: inherit; letter-spacing: 0px;\" data-start=\"660\" data-end=\"674\">90 minutes<\/strong><span style=\"font-style: inherit; font-weight: inherit; letter-spacing: 0px;\">, are offered at a fee of <\/span><strong style=\"font-style: inherit; letter-spacing: 0px;\" data-start=\"700\" data-end=\"708\">\u20ac140<\/strong><span style=\"font-style: inherit; font-weight: inherit; letter-spacing: 0px;\">. These longer sessions allow space to work with the dynamics and perspectives of more than one person within the system.<\/span><\/p><p data-start=\"831\" data-end=\"1062\">I understand that financial situations can vary. If the standard fee presents a difficulty, I am open to discussing this on a <strong data-start=\"957\" data-end=\"979\">case-by-case basis<\/strong> during our first meeting so that we can find an arrangement that feels manageable.<\/p>\t\t\t\t\t\t\t\t<\/div>\n\t\t\t\t<\/div>\n\t\t\t\t<div class=\"elementor-element elementor-element-b135f8f elementor-widget elementor-widget-image-box\" data-id=\"b135f8f\" data-element_type=\"widget\" data-e-type=\"widget\" data-widget_type=\"image-box.default\">\n\t\t\t\t<div class=\"elementor-widget-container\">\n\t\t\t\t\t<div class=\"elementor-image-box-wrapper\"><div class=\"elementor-image-box-content\"><p class=\"elementor-image-box-description\">Payments can be made via bank transfer after each session upon receiving an invoice, or you can choose to receive a monthly invoice.<\/p><\/div><\/div>\t\t\t\t<\/div>\n\t\t\t\t<\/div>\n\t\t\t\t\t<\/div>\n\t\t<\/div>\n\t\t\t\t\t<\/div>\n\t\t<\/section>\n\t\t\t\t<section class=\"elementor-section elementor-top-section elementor-element elementor-element-s6t1v25 elementor-section-content-middle elementor-section-boxed elementor-section-height-default elementor-section-height-default\" data-id=\"s6t1v25\" data-element_type=\"section\" data-e-type=\"section\" data-settings=\"{&quot;background_background&quot;:&quot;classic&quot;,&quot;animation&quot;:&quot;none&quot;}\">\n\t\t\t\t\t\t<div class=\"elementor-container elementor-column-gap-no\">\n\t\t\t\t\t<div class=\"elementor-column elementor-col-33 elementor-top-column elementor-element elementor-element-cdd4e1d animated-slow elementor-invisible\" data-id=\"cdd4e1d\" data-element_type=\"column\" data-e-type=\"column\" data-settings=\"{&quot;animation&quot;:&quot;lightSpeedIn&quot;}\">\n\t\t\t<div class=\"elementor-widget-wrap elementor-element-populated\">\n\t\t\t\t\t\t<div class=\"elementor-element elementor-element-d519ead elementor-widget-tablet__width-initial elementor-widget-mobile__width-initial elementor-widget elementor-widget-heading\" data-id=\"d519ead\" data-element_type=\"widget\" data-e-type=\"widget\" data-widget_type=\"heading.default\">\n\t\t\t\t<div class=\"elementor-widget-container\">\n\t\t\t\t\t<h6 class=\"elementor-heading-title elementor-size-default\">Cancelation &amp; Health Insurance <\/h6>\t\t\t\t<\/div>\n\t\t\t\t<\/div>\n\t\t\t\t<div class=\"elementor-element elementor-element-669dd49 elementor-widget elementor-widget-heading\" data-id=\"669dd49\" data-element_type=\"widget\" data-e-type=\"widget\" data-widget_type=\"heading.default\">\n\t\t\t\t<div class=\"elementor-widget-container\">\n\t\t\t\t\t<h2 class=\"elementor-heading-title elementor-size-default\">Attention <\/h2>\t\t\t\t<\/div>\n\t\t\t\t<\/div>\n\t\t\t\t\t<\/div>\n\t\t<\/div>\n\t\t\t\t<div class=\"elementor-column elementor-col-66 elementor-top-column elementor-element elementor-element-fb2a873\" data-id=\"fb2a873\" data-element_type=\"column\" data-e-type=\"column\">\n\t\t\t<div class=\"elementor-widget-wrap elementor-element-populated\">\n\t\t\t\t\t\t<div class=\"elementor-element elementor-element-f0f6d6a elementor-widget elementor-widget-text-editor\" data-id=\"f0f6d6a\" data-element_type=\"widget\" data-e-type=\"widget\" data-widget_type=\"text-editor.default\">\n\t\t\t\t<div class=\"elementor-widget-container\">\n\t\t\t\t\t\t\t\t\t<ul><li>It is always possible to change an appointment in the limit of my availability. And of course you can cancel your appointment. However every session that isn&#8217;t cancelled 24 hours in advance will be considered due to be paid.\u00a0<\/li><\/ul><div>\u00a0<\/div><ul><li>Je n'ai aucun contrat avec les assurances sant\u00e9 n\u00e9erlandaises, cela ne veut pas dire que vous ne pouvez pas \u00eatre rembours\u00e9s par votre assureur. Certaines caisses d'assurance internationales (Cigna, BUPA etc...) peuvent prendre en charge une partie de vos frais. <strong>Il vous appartient donc de couvrir les frais et de faire ensuite les d\u00e9marches par vous m\u00eame.<\/strong> I advice you to reach out to your insurance company and inquire about this giving them my NIP number.\u00a0<\/li><\/ul>\t\t\t\t\t\t\t\t<\/div>\n\t\t\t\t<\/div>\n\t\t\t\t\t<\/div>\n\t\t<\/div>\n\t\t\t\t\t<\/div>\n\t\t<\/section>\n\t\t\t\t<\/div>","protected":false},"excerpt":{"rendered":"<p>Because everyone deserves support Session Fee Therapy sessions last 50 to 60 minutes and are offered at a fee of \u20ac100. This fee reflects not only the time spent together in session, but also the preparation, reflection, and administrative work that support the therapeutic process.\u00a0Relationship and family sessions, which typically last 90 minutes, are offered [&hellip;]<\/p>\n","protected":false},"author":1,"featured_media":0,"parent":0,"menu_order":0,"comment_status":"closed","ping_status":"closed","template":"","meta":{"site-sidebar-layout":"no-sidebar","site-content-layout":"page-builder","ast-site-content-layout":"default","site-content-style":"default","site-sidebar-style":"default","ast-global-header-display":"","ast-banner-title-visibility":"","ast-main-header-display":"","ast-hfb-above-header-display":"","ast-hfb-below-header-display":"","ast-hfb-mobile-header-display":"","site-post-title":"disabled","ast-breadcrumbs-content":"","ast-featured-img":"disabled","footer-sml-layout":"","ast-disable-related-posts":"","theme-transparent-header-meta":"","adv-header-id-meta":"","stick-header-meta":"","header-above-stick-meta":"","header-main-stick-meta":"","header-below-stick-meta":"","astra-migrate-meta-layouts":"default","ast-page-background-enabled":"default","ast-page-background-meta":{"desktop":{"background-color":"","background-image":"","background-repeat":"repeat","background-position":"center center","background-size":"auto","background-attachment":"scroll","background-type":"","background-media":"","overlay-type":"","overlay-color":"","overlay-opacity":"","overlay-gradient":""},"tablet":{"background-color":"","background-image":"","background-repeat":"repeat","background-position":"center center","background-size":"auto","background-attachment":"scroll","background-type":"","background-media":"","overlay-type":"","overlay-color":"","overlay-opacity":"","overlay-gradient":""},"mobile":{"background-color":"","background-image":"","background-repeat":"repeat","background-position":"center center","background-size":"auto","background-attachment":"scroll","background-type":"","background-media":"","overlay-type":"","overlay-color":"","overlay-opacity":"","overlay-gradient":""}},"ast-content-background-meta":{"desktop":{"background-color":"var(--ast-global-color-5)","background-image":"","background-repeat":"repeat","background-position":"center center","background-size":"auto","background-attachment":"scroll","background-type":"","background-media":"","overlay-type":"","overlay-color":"","overlay-opacity":"","overlay-gradient":""},"tablet":{"background-color":"var(--ast-global-color-5)","background-image":"","background-repeat":"repeat","background-position":"center center","background-size":"auto","background-attachment":"scroll","background-type":"","background-media":"","overlay-type":"","overlay-color":"","overlay-opacity":"","overlay-gradient":""},"mobile":{"background-color":"var(--ast-global-color-5)","background-image":"","background-repeat":"repeat","background-position":"center center","background-size":"auto","background-attachment":"scroll","background-type":"","background-media":"","overlay-type":"","overlay-color":"","overlay-opacity":"","overlay-gradient":""}},"footnotes":""},"class_list":["post-1126","page","type-page","status-publish","hentry"],"yoast_head":"<!-- This site is optimized with the Yoast SEO plugin v27.4 - https:\/\/yoast.com\/product\/yoast-seo-wordpress\/ -->\n<title>Fees | Oui Can Talk - Therapy<\/title>\n<meta name=\"robots\" content=\"index, follow, max-snippet:-1, max-image-preview:large, max-video-preview:-1\" \/>\n<link rel=\"canonical\" href=\"https:\/\/ouicantalk.com\/fr\/tarifs-fees\/\" \/>\n<meta property=\"og:locale\" content=\"fr_FR\" \/>\n<meta property=\"og:type\" content=\"article\" \/>\n<meta property=\"og:title\" content=\"Fees | Oui Can Talk - Therapy\" \/>\n<meta property=\"og:description\" content=\"Because everyone deserves support Session Fee Therapy sessions last 50 to 60 minutes and are offered at a fee of \u20ac100. This fee reflects not only the time spent together in session, but also the preparation, reflection, and administrative work that support the therapeutic process.\u00a0Relationship and family sessions, which typically last 90 minutes, are offered [&hellip;]\" \/>\n<meta property=\"og:url\" content=\"https:\/\/ouicantalk.com\/fr\/tarifs-fees\/\" \/>\n<meta property=\"og:site_name\" content=\"Oui Can Talk - Therapy\" \/>\n<meta property=\"article:modified_time\" content=\"2026-03-13T14:28:51+00:00\" \/>\n<meta name=\"twitter:card\" content=\"summary_large_image\" \/>\n<meta name=\"twitter:label1\" content=\"Dur\u00e9e de lecture estim\u00e9e\" \/>\n\t<meta name=\"twitter:data1\" content=\"2 minutes\" \/>\n<script type=\"application\/ld+json\" class=\"yoast-schema-graph\">{\"@context\":\"https:\\\/\\\/schema.org\",\"@graph\":[{\"@type\":\"WebPage\",\"@id\":\"https:\\\/\\\/ouicantalk.com\\\/tarifs-fees\\\/\",\"url\":\"https:\\\/\\\/ouicantalk.com\\\/tarifs-fees\\\/\",\"name\":\"Fees | Oui Can Talk - Therapy\",\"isPartOf\":{\"@id\":\"https:\\\/\\\/ouicantalk.com\\\/#website\"},\"datePublished\":\"2022-06-09T18:32:55+00:00\",\"dateModified\":\"2026-03-13T14:28:51+00:00\",\"breadcrumb\":{\"@id\":\"https:\\\/\\\/ouicantalk.com\\\/tarifs-fees\\\/#breadcrumb\"},\"inLanguage\":\"fr-FR\",\"potentialAction\":[{\"@type\":\"ReadAction\",\"target\":[\"https:\\\/\\\/ouicantalk.com\\\/tarifs-fees\\\/\"]}]},{\"@type\":\"BreadcrumbList\",\"@id\":\"https:\\\/\\\/ouicantalk.com\\\/tarifs-fees\\\/#breadcrumb\",\"itemListElement\":[{\"@type\":\"ListItem\",\"position\":1,\"name\":\"Home\",\"item\":\"https:\\\/\\\/ouicantalk.com\\\/\"},{\"@type\":\"ListItem\",\"position\":2,\"name\":\"Fees\"}]},{\"@type\":\"WebSite\",\"@id\":\"https:\\\/\\\/ouicantalk.com\\\/#website\",\"url\":\"https:\\\/\\\/ouicantalk.com\\\/\",\"name\":\"Oui Can Talk - Therapy\",\"description\":\"French Psychologist specialised in expats and parenthood support\",\"publisher\":{\"@id\":\"https:\\\/\\\/ouicantalk.com\\\/#organization\"},\"potentialAction\":[{\"@type\":\"SearchAction\",\"target\":{\"@type\":\"EntryPoint\",\"urlTemplate\":\"https:\\\/\\\/ouicantalk.com\\\/?s={search_term_string}\"},\"query-input\":{\"@type\":\"PropertyValueSpecification\",\"valueRequired\":true,\"valueName\":\"search_term_string\"}}],\"inLanguage\":\"fr-FR\"},{\"@type\":\"Organization\",\"@id\":\"https:\\\/\\\/ouicantalk.com\\\/#organization\",\"name\":\"Oui Can Talk - Therapy\",\"url\":\"https:\\\/\\\/ouicantalk.com\\\/\",\"logo\":{\"@type\":\"ImageObject\",\"inLanguage\":\"fr-FR\",\"@id\":\"https:\\\/\\\/ouicantalk.com\\\/#\\\/schema\\\/logo\\\/image\\\/\",\"url\":\"https:\\\/\\\/ouicantalk.com\\\/wp-content\\\/uploads\\\/2023\\\/01\\\/cropped-Jpeg-logo.jpg\",\"contentUrl\":\"https:\\\/\\\/ouicantalk.com\\\/wp-content\\\/uploads\\\/2023\\\/01\\\/cropped-Jpeg-logo.jpg\",\"width\":1492,\"height\":1425,\"caption\":\"Oui Can Talk - Therapy\"},\"image\":{\"@id\":\"https:\\\/\\\/ouicantalk.com\\\/#\\\/schema\\\/logo\\\/image\\\/\"},\"sameAs\":[\"https:\\\/\\\/www.linkedin.com\\\/in\\\/ocane-barthere-43b24b267\\\/\"]}]}<\/script>\n<!-- \/ Yoast SEO plugin. -->","yoast_head_json":{"title":"Fees | Oui Can Talk - Therapy","robots":{"index":"index","follow":"follow","max-snippet":"max-snippet:-1","max-image-preview":"max-image-preview:large","max-video-preview":"max-video-preview:-1"},"canonical":"https:\/\/ouicantalk.com\/fr\/tarifs-fees\/","og_locale":"fr_FR","og_type":"article","og_title":"Fees | Oui Can Talk - Therapy","og_description":"Because everyone deserves support Session Fee Therapy sessions last 50 to 60 minutes and are offered at a fee of \u20ac100. This fee reflects not only the time spent together in session, but also the preparation, reflection, and administrative work that support the therapeutic process.\u00a0Relationship and family sessions, which typically last 90 minutes, are offered [&hellip;]","og_url":"https:\/\/ouicantalk.com\/fr\/tarifs-fees\/","og_site_name":"Oui Can Talk - Therapy","article_modified_time":"2026-03-13T14:28:51+00:00","twitter_card":"summary_large_image","twitter_misc":{"Dur\u00e9e de lecture estim\u00e9e":"2 minutes"},"schema":{"@context":"https:\/\/schema.org","@graph":[{"@type":"WebPage","@id":"https:\/\/ouicantalk.com\/tarifs-fees\/","url":"https:\/\/ouicantalk.com\/tarifs-fees\/","name":"Fees | Oui Can Talk - Therapy","isPartOf":{"@id":"https:\/\/ouicantalk.com\/#website"},"datePublished":"2022-06-09T18:32:55+00:00","dateModified":"2026-03-13T14:28:51+00:00","breadcrumb":{"@id":"https:\/\/ouicantalk.com\/tarifs-fees\/#breadcrumb"},"inLanguage":"fr-FR","potentialAction":[{"@type":"ReadAction","target":["https:\/\/ouicantalk.com\/tarifs-fees\/"]}]},{"@type":"BreadcrumbList","@id":"https:\/\/ouicantalk.com\/tarifs-fees\/#breadcrumb","itemListElement":[{"@type":"ListItem","position":1,"name":"Home","item":"https:\/\/ouicantalk.com\/"},{"@type":"ListItem","position":2,"name":"Fees"}]},{"@type":"WebSite","@id":"https:\/\/ouicantalk.com\/#website","url":"https:\/\/ouicantalk.com\/","name":"Oui Can Talk - Therapy","description":"French Psychologist specialised in expats and parenthood support","publisher":{"@id":"https:\/\/ouicantalk.com\/#organization"},"potentialAction":[{"@type":"SearchAction","target":{"@type":"EntryPoint","urlTemplate":"https:\/\/ouicantalk.com\/?s={search_term_string}"},"query-input":{"@type":"PropertyValueSpecification","valueRequired":true,"valueName":"search_term_string"}}],"inLanguage":"fr-FR"},{"@type":"Organization","@id":"https:\/\/ouicantalk.com\/#organization","name":"Oui Can Talk - Therapy","url":"https:\/\/ouicantalk.com\/","logo":{"@type":"ImageObject","inLanguage":"fr-FR","@id":"https:\/\/ouicantalk.com\/#\/schema\/logo\/image\/","url":"https:\/\/ouicantalk.com\/wp-content\/uploads\/2023\/01\/cropped-Jpeg-logo.jpg","contentUrl":"https:\/\/ouicantalk.com\/wp-content\/uploads\/2023\/01\/cropped-Jpeg-logo.jpg","width":1492,"height":1425,"caption":"Oui Can Talk - Therapy"},"image":{"@id":"https:\/\/ouicantalk.com\/#\/schema\/logo\/image\/"},"sameAs":["https:\/\/www.linkedin.com\/in\/ocane-barthere-43b24b267\/"]}]}},"_links":{"self":[{"href":"https:\/\/ouicantalk.com\/fr\/wp-json\/wp\/v2\/pages\/1126","targetHints":{"allow":["GET"]}}],"collection":[{"href":"https:\/\/ouicantalk.com\/fr\/wp-json\/wp\/v2\/pages"}],"about":[{"href":"https:\/\/ouicantalk.com\/fr\/wp-json\/wp\/v2\/types\/page"}],"author":[{"embeddable":true,"href":"https:\/\/ouicantalk.com\/fr\/wp-json\/wp\/v2\/users\/1"}],"replies":[{"embeddable":true,"href":"https:\/\/ouicantalk.com\/fr\/wp-json\/wp\/v2\/comments?post=1126"}],"version-history":[{"count":111,"href":"https:\/\/ouicantalk.com\/fr\/wp-json\/wp\/v2\/pages\/1126\/revisions"}],"predecessor-version":[{"id":2870,"href":"https:\/\/ouicantalk.com\/fr\/wp-json\/wp\/v2\/pages\/1126\/revisions\/2870"}],"wp:attachment":[{"href":"https:\/\/ouicantalk.com\/fr\/wp-json\/wp\/v2\/media?parent=1126"}],"curies":[{"name":"wp","href":"https:\/\/api.w.org\/{rel}","templated":true}]}}