{"id":1507,"date":"2022-12-12T14:52:47","date_gmt":"2022-12-12T14:52:47","guid":{"rendered":"http:\/\/ouicantalk.com\/?page_id=1507"},"modified":"2023-08-21T13:43:17","modified_gmt":"2023-08-21T13:43:17","slug":"terms-conditions","status":"publish","type":"page","link":"https:\/\/ouicantalk.com\/fr\/terms-conditions\/","title":{"rendered":"Termes &amp; Conditions"},"content":{"rendered":"<div data-elementor-type=\"wp-page\" data-elementor-id=\"1507\" class=\"elementor elementor-1507\">\n\t\t\t\t\t\t<section class=\"elementor-section elementor-top-section elementor-element elementor-element-4jvyrx6 elementor-section-boxed elementor-section-height-default elementor-section-height-default\" data-id=\"4jvyrx6\" data-element_type=\"section\" data-e-type=\"section\" data-settings=\"{&quot;background_background&quot;:&quot;classic&quot;}\">\n\t\t\t\t\t\t\t<div class=\"elementor-background-overlay\"><\/div>\n\t\t\t\t\t\t\t<div class=\"elementor-container elementor-column-gap-default\">\n\t\t\t\t\t<div class=\"elementor-column elementor-col-100 elementor-top-column elementor-element elementor-element-3706530d\" data-id=\"3706530d\" data-element_type=\"column\" data-e-type=\"column\">\n\t\t\t<div class=\"elementor-widget-wrap elementor-element-populated\">\n\t\t\t\t\t\t<div class=\"elementor-element elementor-element-537de1f elementor-widget elementor-widget-heading\" data-id=\"537de1f\" data-element_type=\"widget\" data-e-type=\"widget\" data-widget_type=\"heading.default\">\n\t\t\t\t<div class=\"elementor-widget-container\">\n\t\t\t\t\t<h1 class=\"elementor-heading-title elementor-size-default\">terms &amp; conditions<\/h1>\t\t\t\t<\/div>\n\t\t\t\t<\/div>\n\t\t\t\t\t<\/div>\n\t\t<\/div>\n\t\t\t\t\t<\/div>\n\t\t<\/section>\n\t\t\t\t<section class=\"elementor-section elementor-top-section elementor-element elementor-element-3efe170 elementor-section-boxed elementor-section-height-default elementor-section-height-default\" data-id=\"3efe170\" data-element_type=\"section\" data-e-type=\"section\" data-settings=\"{&quot;background_background&quot;:&quot;classic&quot;}\">\n\t\t\t\t\t\t<div class=\"elementor-container elementor-column-gap-default\">\n\t\t\t\t\t<div class=\"elementor-column elementor-col-100 elementor-top-column elementor-element elementor-element-2452ec9\" data-id=\"2452ec9\" data-element_type=\"column\" data-e-type=\"column\">\n\t\t\t<div class=\"elementor-widget-wrap elementor-element-populated\">\n\t\t\t\t\t\t<section class=\"elementor-section elementor-inner-section elementor-element elementor-element-283fc7a elementor-section-boxed elementor-section-height-default elementor-section-height-default\" data-id=\"283fc7a\" data-element_type=\"section\" data-e-type=\"section\">\n\t\t\t\t\t\t<div class=\"elementor-container elementor-column-gap-default\">\n\t\t\t\t\t<div class=\"elementor-column elementor-col-100 elementor-inner-column elementor-element elementor-element-8da1598\" data-id=\"8da1598\" data-element_type=\"column\" data-e-type=\"column\">\n\t\t\t<div class=\"elementor-widget-wrap elementor-element-populated\">\n\t\t\t\t\t\t<div class=\"elementor-element elementor-element-6eae9fd elementor-widget elementor-widget-text-editor\" data-id=\"6eae9fd\" data-element_type=\"widget\" data-e-type=\"widget\" data-widget_type=\"text-editor.default\">\n\t\t\t\t<div class=\"elementor-widget-container\">\n\t\t\t\t\t\t\t\t\t<p><b>Ce document contient des informations importantes sur les termes et conditions des services fournis par <i>Ouicantalk.<\/i>N'h\u00e9sitez pas \u00e0 me contacter pour des \u00e9claircissements.<\/b><\/p>\t\t\t\t\t\t\t\t<\/div>\n\t\t\t\t<\/div>\n\t\t\t\t\t<\/div>\n\t\t<\/div>\n\t\t\t\t\t<\/div>\n\t\t<\/section>\n\t\t\t\t<div class=\"elementor-element elementor-element-5dbe299 elementor-widget elementor-widget-text-editor\" data-id=\"5dbe299\" data-element_type=\"widget\" data-e-type=\"widget\" data-widget_type=\"text-editor.default\">\n\t\t\t\t<div class=\"elementor-widget-container\">\n\t\t\t\t\t\t\t\t\t<p><b>1.<\/b><u><b> Proc\u00e9dure<\/b>\u00a0<\/u><\/p>\t\t\t\t\t\t\t\t<\/div>\n\t\t\t\t<\/div>\n\t\t\t\t<div class=\"elementor-element elementor-element-42d5ff3 elementor-widget elementor-widget-text-editor\" data-id=\"42d5ff3\" data-element_type=\"widget\" data-e-type=\"widget\" data-widget_type=\"text-editor.default\">\n\t\t\t\t<div class=\"elementor-widget-container\">\n\t\t\t\t\t\t\t\t\t<p>La th\u00e9rapie commence par une consultation initiale. Au cours de cette rencontre, nous discuterons des raisons pour lesquelles vous demandez de l'aide ainsi que de vos objectifs et attentes en mati\u00e8re de support psychologique.\u00a0<\/p>\t\t\t\t\t\t\t\t<\/div>\n\t\t\t\t<\/div>\n\t\t\t\t<div class=\"elementor-element elementor-element-323ca72 elementor-widget elementor-widget-text-editor\" data-id=\"323ca72\" data-element_type=\"widget\" data-e-type=\"widget\" data-widget_type=\"text-editor.default\">\n\t\t\t\t<div class=\"elementor-widget-container\">\n\t\t\t\t\t\t\t\t\t<p><u><b>2. Confidentialit\u00e9\u00a0<\/b><\/u><\/p>\t\t\t\t\t\t\t\t<\/div>\n\t\t\t\t<\/div>\n\t\t\t\t<div class=\"elementor-element elementor-element-cbec771 elementor-widget elementor-widget-text-editor\" data-id=\"cbec771\" data-element_type=\"widget\" data-e-type=\"widget\" data-widget_type=\"text-editor.default\">\n\t\t\t\t<div class=\"elementor-widget-container\">\n\t\t\t\t\t\t\t\t\t<p>\u00a0La confidentialit\u00e9 est un \u00e9l\u00e9ment essentiel du conseil et de la psychoth\u00e9rapie. Pendant le traitement, des informations priv\u00e9es et sensibles sont souvent partag\u00e9es. Tous mes services sont strictement confidentiels. Toutes les informations que vous partagez avec moi resteront entre nous.<\/p><p>Vous devez \u00eatre conscient qu'il existe des situations o\u00f9 je peux discuter de ces informations en dehors de nos s\u00e9ances\u00a0:\u00a0<\/p><p>\u2013 En situation d'intervision\/supervision, je peux avoir besoin d'\u00e9voquer certaines informations. Toutes les informations d'identification seront modifi\u00e9es pour pr\u00e9server votre anonymat. Le th\u00e9rapeute avec qui je peux \u00e9changer des cas dans le cadre de mon travail, est \u00e9galement un professionnel de la sant\u00e9 mentale et est l\u00e9galement tenu aux m\u00eames conditions de confidentialit\u00e9.<\/p><p>\u2013 Dans le cas o\u00f9 vous donnez votre consentement \u00e9crit pour partager des informations.\u00a0<\/p><p>\u2013 Si je re\u00e7ois l'ordre de rompre la confidentialit\u00e9 par le tribunal.\u00a0<\/p><p>\u2013 Il y a des informations d'une telle gravit\u00e9 que la confidentialit\u00e9 ne peut \u00eatre maintenue. Cela pourrait signifier, par exemple, que je constate que vous ou quelqu'un d'autre \u00eates en danger imminent.\u00a0<\/p><p>Dans la plupart des cas, je discuterai avec vous avant de partager des informations personnelles avec une autre personne.\u00a0<\/p>\t\t\t\t\t\t\t\t<\/div>\n\t\t\t\t<\/div>\n\t\t\t\t<div class=\"elementor-element elementor-element-dfb89b5 elementor-widget elementor-widget-text-editor\" data-id=\"dfb89b5\" data-element_type=\"widget\" data-e-type=\"widget\" data-widget_type=\"text-editor.default\">\n\t\t\t\t<div class=\"elementor-widget-container\">\n\t\t\t\t\t\t\t\t\t<p><u><b>3. Conservation des donn\u00e9es &amp; Enregistrements\u00a0:&nbsp;<\/b><\/u><\/p>\t\t\t\t\t\t\t\t<\/div>\n\t\t\t\t<\/div>\n\t\t\t\t<div class=\"elementor-element elementor-element-1109829 elementor-widget elementor-widget-text-editor\" data-id=\"1109829\" data-element_type=\"widget\" data-e-type=\"widget\" data-widget_type=\"text-editor.default\">\n\t\t\t\t<div class=\"elementor-widget-container\">\n\t\t\t\t\t\t\t\t\t<p>En tant que psychologue, je dois conserver un dossier qui contient les donn\u00e9es n\u00e9cessaires pour effectuer au mieux mon travail. Selon la loi, je dois conserver ces dossiers pendant 15 ans, vous avez le droit de demander une copie de votre dossier \u00e0 tout moment pendant ou apr\u00e8s votre th\u00e9rapie.\u00a0<\/p><p>Quelles sont et o\u00f9 sont les donn\u00e9es que je d\u00e9tiens :\u00a0<\/p><p>Les coordonn\u00e9es de votre premi\u00e8re consultation, sur papier et sur un fichier \u00e9lectronique afin que je puisse vous recontacter. Il est important que vous m'avisiez si l'une de ces coordonn\u00e9es change, tant que vous me consulterez.<\/p><p>Je peux enregistrer des informations sur ce que vous me dites pendant nos s\u00e9ances. Ce sont de br\u00e8ves notes utilis\u00e9es comme \"aide-m\u00e9moire\", c'est important pour que je puisse revoir les sessions pr\u00e9c\u00e9dentes et les progr\u00e8s. Pour certains protocoles sp\u00e9cifiques, comme les outils psychom\u00e9triques, je peux aussi conserver les dessins et les r\u00e9sultats. Vous avez le droit de demander une copie de ces notes, si vous trouvez une inexactitude dans votre dossier, nous pouvons en discuter et vous pouvez pr\u00e9senter une demande \u00e9crite pour modifier ou compl\u00e9ter les informations. Si vous n'\u00eates pas d'accord avec certaines informations, vous pouvez demander d'ajouter votre propre d\u00e9claration \u00e0 votre dossier. Vous pouvez \u00e9galement demander d'effacer (partiellement) votre dossier, ce \u00e0 quoi je peux m'opposer si j'estime que cela peut nuire \u00e0 l'int\u00e9r\u00eat d'autres personnes telles que votre partenaire ou vos enfants.\u00a0<\/p><p>\u00c0 des fins administratives, je note le nombre de s\u00e9ances et les paiements que vous effectuez, ceux-ci peuvent inclure votre nom et vos coordonn\u00e9es. \u00a0<\/p><p>La plupart de mes notes de session sont \u00e9crites sur papier, elles sont conserv\u00e9es dans une zone verrouill\u00e9e \u00e0 acc\u00e8s restreint lorsqu'elles ne sont pas utilis\u00e9es. Les donn\u00e9es d\u00e9tenues \u00e9lectroniquement se trouvent sur un ordinateur professionnel et sont stock\u00e9es localement dans un compte prot\u00e9g\u00e9 par un mot de passe. Les coordonn\u00e9es t\u00e9l\u00e9phoniques se trouvent sur un t\u00e9l\u00e9phone professionnel prot\u00e9g\u00e9 par un mot de passe. J'enregistre dans mon agenda papier des informations telles que votre nom, l'heure du rendez-vous, le lieu de la consultation et votre t\u00e9l\u00e9phone\/email.<\/p><p>\u00a0<\/p>\t\t\t\t\t\t\t\t<\/div>\n\t\t\t\t<\/div>\n\t\t\t\t<div class=\"elementor-element elementor-element-f0a0674 elementor-widget elementor-widget-text-editor\" data-id=\"f0a0674\" data-element_type=\"widget\" data-e-type=\"widget\" data-widget_type=\"text-editor.default\">\n\t\t\t\t<div class=\"elementor-widget-container\">\n\t\t\t\t\t\t\t\t\t<p><u><b>4. Code de d\u00e9ontologie :<\/b><\/u><\/p>\t\t\t\t\t\t\t\t<\/div>\n\t\t\t\t<\/div>\n\t\t\t\t<div class=\"elementor-element elementor-element-c856407 elementor-widget elementor-widget-text-editor\" data-id=\"c856407\" data-element_type=\"widget\" data-e-type=\"widget\" data-widget_type=\"text-editor.default\">\n\t\t\t\t<div class=\"elementor-widget-container\">\n\t\t\t\t\t\t\t\t\t<p class=\"translation-block\">Je travaille en suivant le code de conduite des psychologues n\u00e9erlandais.<\/p>\t\t\t\t\t\t\t\t<\/div>\n\t\t\t\t<\/div>\n\t\t\t\t<div class=\"elementor-element elementor-element-aaa048b elementor-widget elementor-widget-text-editor\" data-id=\"aaa048b\" data-element_type=\"widget\" data-e-type=\"widget\" data-widget_type=\"text-editor.default\">\n\t\t\t\t<div class=\"elementor-widget-container\">\n\t\t\t\t\t\t\t\t\t<p><u><b>5. Politique anti-discrimination :<\/b><\/u><\/p>\t\t\t\t\t\t\t\t<\/div>\n\t\t\t\t<\/div>\n\t\t\t\t<div class=\"elementor-element elementor-element-fd394dc elementor-widget elementor-widget-text-editor\" data-id=\"fd394dc\" data-element_type=\"widget\" data-e-type=\"widget\" data-widget_type=\"text-editor.default\">\n\t\t\t\t<div class=\"elementor-widget-container\">\n\t\t\t\t\t\t\t\t\t<p>Le cabinet Ouicantalk est fortement engag\u00e9 dans la lutte contre les discriminations. Je valorise la diff\u00e9rence et la diversit\u00e9. Aucune discrimination ne sera admise dans la pratique concernant l'\u00e2ge, l'identit\u00e9 de genre, l'identit\u00e9 ou l'orientation sexuelle, le statut relationnel, la couleur, les origines, les handicaps ou les pr\u00e9f\u00e9rences politiques.<\/p>\t\t\t\t\t\t\t\t<\/div>\n\t\t\t\t<\/div>\n\t\t\t\t<div class=\"elementor-element elementor-element-467d4fa elementor-widget elementor-widget-text-editor\" data-id=\"467d4fa\" data-element_type=\"widget\" data-e-type=\"widget\" data-widget_type=\"text-editor.default\">\n\t\t\t\t<div class=\"elementor-widget-container\">\n\t\t\t\t\t\t\t\t\t<p><u><b>6. Contact :<\/b><\/u><\/p>\t\t\t\t\t\t\t\t<\/div>\n\t\t\t\t<\/div>\n\t\t\t\t<div class=\"elementor-element elementor-element-e2df529 elementor-widget elementor-widget-text-editor\" data-id=\"e2df529\" data-element_type=\"widget\" data-e-type=\"widget\" data-widget_type=\"text-editor.default\">\n\t\t\t\t<div class=\"elementor-widget-container\">\n\t\t\t\t\t\t\t\t\t<p>Je pr\u00e9f\u00e8re \u00eatre contact\u00e9 via email.<\/p><p>Je ne pourrai peut-\u00eatre pas r\u00e9pondre \u00e0 vos appels. Je n'utilise pas mon t\u00e9l\u00e9phone lors d'une s\u00e9ance avec un client. Vous pouvez bien s\u00fbr laisser un message et je r\u00e9pondrai \u00e0 votre appel ou email dans les 2 jours. Vous pouvez m'envoyer un SMS\/WhatsApp, mais sachez que l'utilisation de cette m\u00e9thode ne garantit pas la confidentialit\u00e9. Je vous conseille donc de ne pas utiliser de SMS ou WhatsApp pour tout ce qui concerne des informations personnelles.<\/p>\t\t\t\t\t\t\t\t<\/div>\n\t\t\t\t<\/div>\n\t\t\t\t<div class=\"elementor-element elementor-element-ffcd389 elementor-widget elementor-widget-text-editor\" data-id=\"ffcd389\" data-element_type=\"widget\" data-e-type=\"widget\" data-widget_type=\"text-editor.default\">\n\t\t\t\t<div class=\"elementor-widget-container\">\n\t\t\t\t\t\t\t\t\t<p><u><b>7. R\u00e9clamation :&nbsp;<\/b><\/u><\/p>\t\t\t\t\t\t\t\t<\/div>\n\t\t\t\t<\/div>\n\t\t\t\t<div class=\"elementor-element elementor-element-3ff144d elementor-widget elementor-widget-text-editor\" data-id=\"3ff144d\" data-element_type=\"widget\" data-e-type=\"widget\" data-widget_type=\"text-editor.default\">\n\t\t\t\t<div class=\"elementor-widget-container\">\n\t\t\t\t\t\t\t\t\t<p class=\"translation-block\">Si vous avez des plaintes au sujet de la th\u00e9rapie et\/ou de mes actions, j'appr\u00e9cierais que nous en discutions lors de l'une de nos s\u00e9ances. Cela peut \u00eatre un malentendu qui peut \u00eatre r\u00e9solu en parlant. Vous pouvez \u00e9galement \u00e9crire une plainte \u00e0 <a href=\"\/fr\/ouicantalkpractice@gmail.com\/\" target=\"_self\">ouicantalkpractice@gmail.com<\/a>. Une autre option consiste \u00e0 envoyer votre plainte \u00e0 un agent ind\u00e9pendant des plaintes o\u00f9 vous pourrez trouver de l'aide.<\/p>\t\t\t\t\t\t\t\t<\/div>\n\t\t\t\t<\/div>\n\t\t\t\t<div class=\"elementor-element elementor-element-8d6cba8 elementor-widget elementor-widget-text-editor\" data-id=\"8d6cba8\" data-element_type=\"widget\" data-e-type=\"widget\" data-widget_type=\"text-editor.default\">\n\t\t\t\t<div class=\"elementor-widget-container\">\n\t\t\t\t\t\t\t\t\t<p><u><b>8. Safety :\u00a0<\/b><\/u><\/p>\t\t\t\t\t\t\t\t<\/div>\n\t\t\t\t<\/div>\n\t\t\t\t<div class=\"elementor-element elementor-element-f9c4ac2 elementor-widget elementor-widget-text-editor\" data-id=\"f9c4ac2\" data-element_type=\"widget\" data-e-type=\"widget\" data-widget_type=\"text-editor.default\">\n\t\t\t\t<div class=\"elementor-widget-container\">\n\t\t\t\t\t\t\t\t\t<p>Je n'accepterai pas de vous voir en s\u00e9ance si vous \u00eates sous l'influence de substances.\u00a0<span style=\"font-style: inherit; font-weight: inherit; background-color: var( --e-global-color-ce3aba7 ); color: var(--ast-global-color-3);\">La consultation prendra \u00e9galement fin \u00e0 tout signe d'agression\/intimidation envers moi ou tout autres personnes pr\u00e9sentes au cabinet.\u00a0<\/span><span style=\"font-style: inherit; font-weight: inherit; color: var(--ast-global-color-3); background-color: var( --e-global-color-ce3aba7 );\">Vous serez tenu responsable du paiement des frais de votre s\u00e9ance.\u00a0<\/span><\/p>\t\t\t\t\t\t\t\t<\/div>\n\t\t\t\t<\/div>\n\t\t\t\t\t<\/div>\n\t\t<\/div>\n\t\t\t\t\t<\/div>\n\t\t<\/section>\n\t\t\t\t<\/div>","protected":false},"excerpt":{"rendered":"<p>terms &amp; conditions This document contains important information about the terms and conditions of the services provided by Ouicantalk. It is important that you read and understand this before agreeing. Do not hesitate to contact me for clarifications. 1. Procedure\u00a0 The treatment will start with an intake\/initial consultation. During this meeting we will discuss your [&hellip;]<\/p>\n","protected":false},"author":1,"featured_media":0,"parent":0,"menu_order":0,"comment_status":"closed","ping_status":"closed","template":"","meta":{"site-sidebar-layout":"no-sidebar","site-content-layout":"page-builder","ast-site-content-layout":"default","site-content-style":"default","site-sidebar-style":"default","ast-global-header-display":"","ast-banner-title-visibility":"","ast-main-header-display":"","ast-hfb-above-header-display":"","ast-hfb-below-header-display":"","ast-hfb-mobile-header-display":"","site-post-title":"disabled","ast-breadcrumbs-content":"","ast-featured-img":"disabled","footer-sml-layout":"","ast-disable-related-posts":"","theme-transparent-header-meta":"","adv-header-id-meta":"","stick-header-meta":"","header-above-stick-meta":"","header-main-stick-meta":"","header-below-stick-meta":"","astra-migrate-meta-layouts":"default","ast-page-background-enabled":"default","ast-page-background-meta":{"desktop":{"background-color":"","background-image":"","background-repeat":"repeat","background-position":"center center","background-size":"auto","background-attachment":"scroll","background-type":"","background-media":"","overlay-type":"","overlay-color":"","overlay-opacity":"","overlay-gradient":""},"tablet":{"background-color":"","background-image":"","background-repeat":"repeat","background-position":"center center","background-size":"auto","background-attachment":"scroll","background-type":"","background-media":"","overlay-type":"","overlay-color":"","overlay-opacity":"","overlay-gradient":""},"mobile":{"background-color":"","background-image":"","background-repeat":"repeat","background-position":"center center","background-size":"auto","background-attachment":"scroll","background-type":"","background-media":"","overlay-type":"","overlay-color":"","overlay-opacity":"","overlay-gradient":""}},"ast-content-background-meta":{"desktop":{"background-color":"var(--ast-global-color-5)","background-image":"","background-repeat":"repeat","background-position":"center center","background-size":"auto","background-attachment":"scroll","background-type":"","background-media":"","overlay-type":"","overlay-color":"","overlay-opacity":"","overlay-gradient":""},"tablet":{"background-color":"var(--ast-global-color-5)","background-image":"","background-repeat":"repeat","background-position":"center center","background-size":"auto","background-attachment":"scroll","background-type":"","background-media":"","overlay-type":"","overlay-color":"","overlay-opacity":"","overlay-gradient":""},"mobile":{"background-color":"var(--ast-global-color-5)","background-image":"","background-repeat":"repeat","background-position":"center center","background-size":"auto","background-attachment":"scroll","background-type":"","background-media":"","overlay-type":"","overlay-color":"","overlay-opacity":"","overlay-gradient":""}},"footnotes":""},"class_list":["post-1507","page","type-page","status-publish","hentry"],"yoast_head":"<!-- This site is optimized with the Yoast SEO plugin v27.4 - https:\/\/yoast.com\/product\/yoast-seo-wordpress\/ -->\n<title>Terms &amp; conditions | Oui Can Talk - Therapy<\/title>\n<meta name=\"robots\" content=\"index, follow, max-snippet:-1, max-image-preview:large, max-video-preview:-1\" \/>\n<link rel=\"canonical\" href=\"https:\/\/ouicantalk.com\/fr\/terms-conditions\/\" \/>\n<meta property=\"og:locale\" content=\"fr_FR\" \/>\n<meta property=\"og:type\" content=\"article\" \/>\n<meta property=\"og:title\" content=\"Terms &amp; conditions | Oui Can Talk - Therapy\" \/>\n<meta property=\"og:description\" content=\"terms &amp; conditions This document contains important information about the terms and conditions of the services provided by Ouicantalk. It is important that you read and understand this before agreeing. Do not hesitate to contact me for clarifications. 1. Procedure\u00a0 The treatment will start with an intake\/initial consultation. During this meeting we will discuss your [&hellip;]\" \/>\n<meta property=\"og:url\" content=\"https:\/\/ouicantalk.com\/fr\/terms-conditions\/\" \/>\n<meta property=\"og:site_name\" content=\"Oui Can Talk - Therapy\" \/>\n<meta property=\"article:modified_time\" content=\"2023-08-21T13:43:17+00:00\" \/>\n<meta name=\"twitter:card\" content=\"summary_large_image\" \/>\n<meta name=\"twitter:label1\" content=\"Dur\u00e9e de lecture estim\u00e9e\" \/>\n\t<meta name=\"twitter:data1\" content=\"4 minutes\" \/>\n<script type=\"application\/ld+json\" class=\"yoast-schema-graph\">{\"@context\":\"https:\\\/\\\/schema.org\",\"@graph\":[{\"@type\":\"WebPage\",\"@id\":\"https:\\\/\\\/ouicantalk.com\\\/terms-conditions\\\/\",\"url\":\"https:\\\/\\\/ouicantalk.com\\\/terms-conditions\\\/\",\"name\":\"Terms & conditions | Oui Can Talk - Therapy\",\"isPartOf\":{\"@id\":\"https:\\\/\\\/ouicantalk.com\\\/#website\"},\"datePublished\":\"2022-12-12T14:52:47+00:00\",\"dateModified\":\"2023-08-21T13:43:17+00:00\",\"breadcrumb\":{\"@id\":\"https:\\\/\\\/ouicantalk.com\\\/terms-conditions\\\/#breadcrumb\"},\"inLanguage\":\"fr-FR\",\"potentialAction\":[{\"@type\":\"ReadAction\",\"target\":[\"https:\\\/\\\/ouicantalk.com\\\/terms-conditions\\\/\"]}]},{\"@type\":\"BreadcrumbList\",\"@id\":\"https:\\\/\\\/ouicantalk.com\\\/terms-conditions\\\/#breadcrumb\",\"itemListElement\":[{\"@type\":\"ListItem\",\"position\":1,\"name\":\"Home\",\"item\":\"https:\\\/\\\/ouicantalk.com\\\/\"},{\"@type\":\"ListItem\",\"position\":2,\"name\":\"Terms &#038; conditions\"}]},{\"@type\":\"WebSite\",\"@id\":\"https:\\\/\\\/ouicantalk.com\\\/#website\",\"url\":\"https:\\\/\\\/ouicantalk.com\\\/\",\"name\":\"Oui Can Talk - Therapy\",\"description\":\"French Psychologist specialised in expats and parenthood support\",\"publisher\":{\"@id\":\"https:\\\/\\\/ouicantalk.com\\\/#organization\"},\"potentialAction\":[{\"@type\":\"SearchAction\",\"target\":{\"@type\":\"EntryPoint\",\"urlTemplate\":\"https:\\\/\\\/ouicantalk.com\\\/?s={search_term_string}\"},\"query-input\":{\"@type\":\"PropertyValueSpecification\",\"valueRequired\":true,\"valueName\":\"search_term_string\"}}],\"inLanguage\":\"fr-FR\"},{\"@type\":\"Organization\",\"@id\":\"https:\\\/\\\/ouicantalk.com\\\/#organization\",\"name\":\"Oui Can Talk - Therapy\",\"url\":\"https:\\\/\\\/ouicantalk.com\\\/\",\"logo\":{\"@type\":\"ImageObject\",\"inLanguage\":\"fr-FR\",\"@id\":\"https:\\\/\\\/ouicantalk.com\\\/#\\\/schema\\\/logo\\\/image\\\/\",\"url\":\"https:\\\/\\\/ouicantalk.com\\\/wp-content\\\/uploads\\\/2023\\\/01\\\/cropped-Jpeg-logo.jpg\",\"contentUrl\":\"https:\\\/\\\/ouicantalk.com\\\/wp-content\\\/uploads\\\/2023\\\/01\\\/cropped-Jpeg-logo.jpg\",\"width\":1492,\"height\":1425,\"caption\":\"Oui Can Talk - Therapy\"},\"image\":{\"@id\":\"https:\\\/\\\/ouicantalk.com\\\/#\\\/schema\\\/logo\\\/image\\\/\"},\"sameAs\":[\"https:\\\/\\\/www.linkedin.com\\\/in\\\/ocane-barthere-43b24b267\\\/\"]}]}<\/script>\n<!-- \/ Yoast SEO plugin. -->","yoast_head_json":{"title":"Terms & conditions | Oui Can Talk - Therapy","robots":{"index":"index","follow":"follow","max-snippet":"max-snippet:-1","max-image-preview":"max-image-preview:large","max-video-preview":"max-video-preview:-1"},"canonical":"https:\/\/ouicantalk.com\/fr\/terms-conditions\/","og_locale":"fr_FR","og_type":"article","og_title":"Terms & conditions | Oui Can Talk - Therapy","og_description":"terms &amp; conditions This document contains important information about the terms and conditions of the services provided by Ouicantalk. It is important that you read and understand this before agreeing. Do not hesitate to contact me for clarifications. 1. Procedure\u00a0 The treatment will start with an intake\/initial consultation. During this meeting we will discuss your [&hellip;]","og_url":"https:\/\/ouicantalk.com\/fr\/terms-conditions\/","og_site_name":"Oui Can Talk - Therapy","article_modified_time":"2023-08-21T13:43:17+00:00","twitter_card":"summary_large_image","twitter_misc":{"Dur\u00e9e de lecture estim\u00e9e":"4 minutes"},"schema":{"@context":"https:\/\/schema.org","@graph":[{"@type":"WebPage","@id":"https:\/\/ouicantalk.com\/terms-conditions\/","url":"https:\/\/ouicantalk.com\/terms-conditions\/","name":"Terms & conditions | Oui Can Talk - Therapy","isPartOf":{"@id":"https:\/\/ouicantalk.com\/#website"},"datePublished":"2022-12-12T14:52:47+00:00","dateModified":"2023-08-21T13:43:17+00:00","breadcrumb":{"@id":"https:\/\/ouicantalk.com\/terms-conditions\/#breadcrumb"},"inLanguage":"fr-FR","potentialAction":[{"@type":"ReadAction","target":["https:\/\/ouicantalk.com\/terms-conditions\/"]}]},{"@type":"BreadcrumbList","@id":"https:\/\/ouicantalk.com\/terms-conditions\/#breadcrumb","itemListElement":[{"@type":"ListItem","position":1,"name":"Home","item":"https:\/\/ouicantalk.com\/"},{"@type":"ListItem","position":2,"name":"Terms &#038; conditions"}]},{"@type":"WebSite","@id":"https:\/\/ouicantalk.com\/#website","url":"https:\/\/ouicantalk.com\/","name":"Oui Can Talk - Therapy","description":"French Psychologist specialised in expats and parenthood support","publisher":{"@id":"https:\/\/ouicantalk.com\/#organization"},"potentialAction":[{"@type":"SearchAction","target":{"@type":"EntryPoint","urlTemplate":"https:\/\/ouicantalk.com\/?s={search_term_string}"},"query-input":{"@type":"PropertyValueSpecification","valueRequired":true,"valueName":"search_term_string"}}],"inLanguage":"fr-FR"},{"@type":"Organization","@id":"https:\/\/ouicantalk.com\/#organization","name":"Oui Can Talk - Therapy","url":"https:\/\/ouicantalk.com\/","logo":{"@type":"ImageObject","inLanguage":"fr-FR","@id":"https:\/\/ouicantalk.com\/#\/schema\/logo\/image\/","url":"https:\/\/ouicantalk.com\/wp-content\/uploads\/2023\/01\/cropped-Jpeg-logo.jpg","contentUrl":"https:\/\/ouicantalk.com\/wp-content\/uploads\/2023\/01\/cropped-Jpeg-logo.jpg","width":1492,"height":1425,"caption":"Oui Can Talk - Therapy"},"image":{"@id":"https:\/\/ouicantalk.com\/#\/schema\/logo\/image\/"},"sameAs":["https:\/\/www.linkedin.com\/in\/ocane-barthere-43b24b267\/"]}]}},"_links":{"self":[{"href":"https:\/\/ouicantalk.com\/fr\/wp-json\/wp\/v2\/pages\/1507","targetHints":{"allow":["GET"]}}],"collection":[{"href":"https:\/\/ouicantalk.com\/fr\/wp-json\/wp\/v2\/pages"}],"about":[{"href":"https:\/\/ouicantalk.com\/fr\/wp-json\/wp\/v2\/types\/page"}],"author":[{"embeddable":true,"href":"https:\/\/ouicantalk.com\/fr\/wp-json\/wp\/v2\/users\/1"}],"replies":[{"embeddable":true,"href":"https:\/\/ouicantalk.com\/fr\/wp-json\/wp\/v2\/comments?post=1507"}],"version-history":[{"count":31,"href":"https:\/\/ouicantalk.com\/fr\/wp-json\/wp\/v2\/pages\/1507\/revisions"}],"predecessor-version":[{"id":2480,"href":"https:\/\/ouicantalk.com\/fr\/wp-json\/wp\/v2\/pages\/1507\/revisions\/2480"}],"wp:attachment":[{"href":"https:\/\/ouicantalk.com\/fr\/wp-json\/wp\/v2\/media?parent=1507"}],"curies":[{"name":"wp","href":"https:\/\/api.w.org\/{rel}","templated":true}]}}