{"id":54,"date":"2022-06-02T19:08:13","date_gmt":"2022-06-02T19:08:13","guid":{"rendered":"http:\/\/ouicantalk.com\/?page_id=54"},"modified":"2025-01-15T09:24:35","modified_gmt":"2025-01-15T09:24:35","slug":"infos","status":"publish","type":"page","link":"https:\/\/ouicantalk.com\/fr\/infos\/","title":{"rendered":"FAQ"},"content":{"rendered":"<div data-elementor-type=\"wp-page\" data-elementor-id=\"54\" class=\"elementor elementor-54\">\n\t\t\t\t\t\t<section class=\"elementor-section elementor-top-section elementor-element elementor-element-1m467zn elementor-section-content-middle elementor-section-boxed elementor-section-height-default elementor-section-height-default\" data-id=\"1m467zn\" data-element_type=\"section\" data-e-type=\"section\" data-settings=\"{&quot;background_background&quot;:&quot;classic&quot;}\">\n\t\t\t\t\t\t<div class=\"elementor-container elementor-column-gap-no\">\n\t\t\t\t\t<div class=\"elementor-column elementor-col-100 elementor-top-column elementor-element elementor-element-8712de8\" data-id=\"8712de8\" data-element_type=\"column\" data-e-type=\"column\">\n\t\t\t<div class=\"elementor-widget-wrap elementor-element-populated\">\n\t\t\t\t\t\t<div class=\"elementor-element elementor-element-8f19103 elementor-widget elementor-widget-heading\" data-id=\"8f19103\" data-element_type=\"widget\" data-e-type=\"widget\" data-widget_type=\"heading.default\">\n\t\t\t\t<div class=\"elementor-widget-container\">\n\t\t\t\t\t<h2 class=\"elementor-heading-title elementor-size-default\">Frequently Asked Questions<\/h2>\t\t\t\t<\/div>\n\t\t\t\t<\/div>\n\t\t\t\t<div class=\"elementor-element elementor-element-4682809 elementor-widget elementor-widget-heading\" data-id=\"4682809\" data-element_type=\"widget\" data-e-type=\"widget\" data-widget_type=\"heading.default\">\n\t\t\t\t<div class=\"elementor-widget-container\">\n\t\t\t\t\t<h5 class=\"elementor-heading-title elementor-size-default\">If you don\u2019t find the answer you\u2019re looking for, feel free to reach out to me directly through the contact page.<\/h5>\t\t\t\t<\/div>\n\t\t\t\t<\/div>\n\t\t\t\t<div class=\"elementor-element elementor-element-a8f902c elementor-widget elementor-widget-toggle\" data-id=\"a8f902c\" data-element_type=\"widget\" data-e-type=\"widget\" data-widget_type=\"toggle.default\">\n\t\t\t\t<div class=\"elementor-widget-container\">\n\t\t\t\t\t\t\t<div class=\"elementor-toggle\">\n\t\t\t\t\t\t\t<div class=\"elementor-toggle-item\">\n\t\t\t\t\t<div id=\"elementor-tab-title-1771\" class=\"elementor-tab-title\" data-tab=\"1\" role=\"button\" aria-controls=\"elementor-tab-content-1771\" aria-expanded=\"false\">\n\t\t\t\t\t\t\t\t\t\t\t\t<span class=\"elementor-toggle-icon elementor-toggle-icon-left\" aria-hidden=\"true\">\n\t\t\t\t\t\t\t\t\t\t\t\t\t\t\t<span class=\"elementor-toggle-icon-closed\"><i class=\"fas fa-caret-right\"><\/i><\/span>\n\t\t\t\t\t\t\t\t<span class=\"elementor-toggle-icon-opened\"><i class=\"elementor-toggle-icon-opened fas fa-caret-up\"><\/i><\/span>\n\t\t\t\t\t\t\t\t\t\t\t\t\t<\/span>\n\t\t\t\t\t\t\t\t\t\t\t\t<a class=\"elementor-toggle-title\" tabindex=\"0\">Who can you support, and when should I seek specialized care?<\/a>\n\t\t\t\t\t<\/div>\n\n\t\t\t\t\t<div id=\"elementor-tab-content-1771\" class=\"elementor-tab-content elementor-clearfix\" data-tab=\"1\" role=\"region\" aria-labelledby=\"elementor-tab-title-1771\"><p>At Ouicantalk, I work with teenagers (12+), adults, caregivers, and families. You don\u2019t need a doctor\u2019s referral or a diagnosis to start therapy. Before booking, check with your health insurance about refund conditions. For children under 12, please contact me first to discuss their needs.<\/p><p>My practice is unable to assist in emergencies where specialized care is required. For emergency mental health care, please contact your GP\/Huisarts, who can refer you to the appropriate service. I also do not work with the following situations (considered emergencies): strong suicidal thoughts, severe anorexia, severe aggression, severe addiction disorders, and psychotic features<\/p><\/div>\n\t\t\t\t<\/div>\n\t\t\t\t\t\t\t<div class=\"elementor-toggle-item\">\n\t\t\t\t\t<div id=\"elementor-tab-title-1772\" class=\"elementor-tab-title\" data-tab=\"2\" role=\"button\" aria-controls=\"elementor-tab-content-1772\" aria-expanded=\"false\">\n\t\t\t\t\t\t\t\t\t\t\t\t<span class=\"elementor-toggle-icon elementor-toggle-icon-left\" aria-hidden=\"true\">\n\t\t\t\t\t\t\t\t\t\t\t\t\t\t\t<span class=\"elementor-toggle-icon-closed\"><i class=\"fas fa-caret-right\"><\/i><\/span>\n\t\t\t\t\t\t\t\t<span class=\"elementor-toggle-icon-opened\"><i class=\"elementor-toggle-icon-opened fas fa-caret-up\"><\/i><\/span>\n\t\t\t\t\t\t\t\t\t\t\t\t\t<\/span>\n\t\t\t\t\t\t\t\t\t\t\t\t<a class=\"elementor-toggle-title\" tabindex=\"0\">Do you offer a trial session ?<\/a>\n\t\t\t\t\t<\/div>\n\n\t\t\t\t\t<div id=\"elementor-tab-content-1772\" class=\"elementor-tab-content elementor-clearfix\" data-tab=\"2\" role=\"region\" aria-labelledby=\"elementor-tab-title-1772\"><p>I don\u2019t offer free consultations, but I do provide a free 15-minute call to discuss your needs and see if I can help. This call also gives you a chance to decide if you\u2019d like to book an intake session. It\u2019s important to me that we both feel comfortable working together for a positive therapy experience.<\/p><\/div>\n\t\t\t\t<\/div>\n\t\t\t\t\t\t\t<div class=\"elementor-toggle-item\">\n\t\t\t\t\t<div id=\"elementor-tab-title-1773\" class=\"elementor-tab-title\" data-tab=\"3\" role=\"button\" aria-controls=\"elementor-tab-content-1773\" aria-expanded=\"false\">\n\t\t\t\t\t\t\t\t\t\t\t\t<span class=\"elementor-toggle-icon elementor-toggle-icon-left\" aria-hidden=\"true\">\n\t\t\t\t\t\t\t\t\t\t\t\t\t\t\t<span class=\"elementor-toggle-icon-closed\"><i class=\"fas fa-caret-right\"><\/i><\/span>\n\t\t\t\t\t\t\t\t<span class=\"elementor-toggle-icon-opened\"><i class=\"elementor-toggle-icon-opened fas fa-caret-up\"><\/i><\/span>\n\t\t\t\t\t\t\t\t\t\t\t\t\t<\/span>\n\t\t\t\t\t\t\t\t\t\t\t\t<a class=\"elementor-toggle-title\" tabindex=\"0\">How can I book a session ? Do you have a waiting list ?<\/a>\n\t\t\t\t\t<\/div>\n\n\t\t\t\t\t<div id=\"elementor-tab-content-1773\" class=\"elementor-tab-content elementor-clearfix\" data-tab=\"3\" role=\"region\" aria-labelledby=\"elementor-tab-title-1773\"><p>If you\u2019re ready, you can book an intake session directly by contacting me through the contact form, email, or phone. I\u2019ll respond within 48 hours.<\/p><p>If you\u2019d like more information before booking, we can arrange a free 15-minute phone call to discuss your needs.\u00a0<\/p><p>Je n'ai pas de liste d'attente pour le moment, je ferais mon possible pour vous recevoir une premi\u00e8re fois dans les 10 jours apr\u00e8s la prise de contacte. Une fois cette s\u00e9ance de rencontre vous pouvez commencer les consultations r\u00e9guli\u00e8res dans les 2-3 semaines.<\/p><\/div>\n\t\t\t\t<\/div>\n\t\t\t\t\t\t\t<div class=\"elementor-toggle-item\">\n\t\t\t\t\t<div id=\"elementor-tab-title-1774\" class=\"elementor-tab-title\" data-tab=\"4\" role=\"button\" aria-controls=\"elementor-tab-content-1774\" aria-expanded=\"false\">\n\t\t\t\t\t\t\t\t\t\t\t\t<span class=\"elementor-toggle-icon elementor-toggle-icon-left\" aria-hidden=\"true\">\n\t\t\t\t\t\t\t\t\t\t\t\t\t\t\t<span class=\"elementor-toggle-icon-closed\"><i class=\"fas fa-caret-right\"><\/i><\/span>\n\t\t\t\t\t\t\t\t<span class=\"elementor-toggle-icon-opened\"><i class=\"elementor-toggle-icon-opened fas fa-caret-up\"><\/i><\/span>\n\t\t\t\t\t\t\t\t\t\t\t\t\t<\/span>\n\t\t\t\t\t\t\t\t\t\t\t\t<a class=\"elementor-toggle-title\" tabindex=\"0\">How frequent are the therapy sessions ?<\/a>\n\t\t\t\t\t<\/div>\n\n\t\t\t\t\t<div id=\"elementor-tab-content-1774\" class=\"elementor-tab-content elementor-clearfix\" data-tab=\"4\" role=\"region\" aria-labelledby=\"elementor-tab-title-1774\"><p>There are no strict rules in therapy. During the initial consultation, we\u2019ll decide together on the number of sessions and their frequency based on your needs, availability, financial situation, and how therapy progresses.<\/p><p>Typically, we start with weekly or bi-weekly sessions. As you feel more stable and confident, we can gradually space out appointments to suit your readiness<\/p><\/div>\n\t\t\t\t<\/div>\n\t\t\t\t\t\t\t<div class=\"elementor-toggle-item\">\n\t\t\t\t\t<div id=\"elementor-tab-title-1775\" class=\"elementor-tab-title\" data-tab=\"5\" role=\"button\" aria-controls=\"elementor-tab-content-1775\" aria-expanded=\"false\">\n\t\t\t\t\t\t\t\t\t\t\t\t<span class=\"elementor-toggle-icon elementor-toggle-icon-left\" aria-hidden=\"true\">\n\t\t\t\t\t\t\t\t\t\t\t\t\t\t\t<span class=\"elementor-toggle-icon-closed\"><i class=\"fas fa-caret-right\"><\/i><\/span>\n\t\t\t\t\t\t\t\t<span class=\"elementor-toggle-icon-opened\"><i class=\"elementor-toggle-icon-opened fas fa-caret-up\"><\/i><\/span>\n\t\t\t\t\t\t\t\t\t\t\t\t\t<\/span>\n\t\t\t\t\t\t\t\t\t\t\t\t<a class=\"elementor-toggle-title\" tabindex=\"0\">Combien de temps dure une s\u00e9ance ?<\/a>\n\t\t\t\t\t<\/div>\n\n\t\t\t\t\t<div id=\"elementor-tab-content-1775\" class=\"elementor-tab-content elementor-clearfix\" data-tab=\"5\" role=\"region\" aria-labelledby=\"elementor-tab-title-1775\"><p>Pour les enfants, je travaille rarement plus longtemps que 40 min avec eux.\u00a0<\/p><p>Avec les adolescents et adultes vous payez pour une heure - cela inclus une seance de 50 minutes et 10 minutes indirecte. Ce temps indirect et ce dont j'ai besoin pour l'aspect administratif de votre consultation (prise de note, planifier le nouveau rendez-vous, envoyez les emails de confirmation\/invoice).\u00a0<\/p><p>I propose a longer consultation for couple and family. This varies depending on how many people participate to this session. It is important that everyone has time to express, listen and share<\/p><\/div>\n\t\t\t\t<\/div>\n\t\t\t\t\t\t\t<div class=\"elementor-toggle-item\">\n\t\t\t\t\t<div id=\"elementor-tab-title-1776\" class=\"elementor-tab-title\" data-tab=\"6\" role=\"button\" aria-controls=\"elementor-tab-content-1776\" aria-expanded=\"false\">\n\t\t\t\t\t\t\t\t\t\t\t\t<span class=\"elementor-toggle-icon elementor-toggle-icon-left\" aria-hidden=\"true\">\n\t\t\t\t\t\t\t\t\t\t\t\t\t\t\t<span class=\"elementor-toggle-icon-closed\"><i class=\"fas fa-caret-right\"><\/i><\/span>\n\t\t\t\t\t\t\t\t<span class=\"elementor-toggle-icon-opened\"><i class=\"elementor-toggle-icon-opened fas fa-caret-up\"><\/i><\/span>\n\t\t\t\t\t\t\t\t\t\t\t\t\t<\/span>\n\t\t\t\t\t\t\t\t\t\t\t\t<a class=\"elementor-toggle-title\" tabindex=\"0\">Quel est le type de th\u00e9rapie dont j'ai besoin ?<\/a>\n\t\t\t\t\t<\/div>\n\n\t\t\t\t\t<div id=\"elementor-tab-content-1776\" class=\"elementor-tab-content elementor-clearfix\" data-tab=\"6\" role=\"region\" aria-labelledby=\"elementor-tab-title-1776\"><p>C'est une question qui m'ai souvent pos\u00e9, mais malheureusement il n'y a pas de r\u00e9ponse unique.  C'est pourquoi il est important de planifier une premi\u00e8re consultation avant de commencer une th\u00e9rapie avec un psychologue. Je ne suis peut-\u00eatre pas la personne qu'il vous faut, je vous proposerai peut-\u00eatre une approche diff\u00e9rente de celle que vous recherchez, vous ne vous sentirez peut-\u00eatre pas \u00e0 l'aise dans mon cabinet. Ce sont des questions que vous devez vous poser et me poser lors de notre premi\u00e8re rencontre.\u00a0<\/p><\/div>\n\t\t\t\t<\/div>\n\t\t\t\t\t\t\t<div class=\"elementor-toggle-item\">\n\t\t\t\t\t<div id=\"elementor-tab-title-1777\" class=\"elementor-tab-title\" data-tab=\"7\" role=\"button\" aria-controls=\"elementor-tab-content-1777\" aria-expanded=\"false\">\n\t\t\t\t\t\t\t\t\t\t\t\t<span class=\"elementor-toggle-icon elementor-toggle-icon-left\" aria-hidden=\"true\">\n\t\t\t\t\t\t\t\t\t\t\t\t\t\t\t<span class=\"elementor-toggle-icon-closed\"><i class=\"fas fa-caret-right\"><\/i><\/span>\n\t\t\t\t\t\t\t\t<span class=\"elementor-toggle-icon-opened\"><i class=\"elementor-toggle-icon-opened fas fa-caret-up\"><\/i><\/span>\n\t\t\t\t\t\t\t\t\t\t\t\t\t<\/span>\n\t\t\t\t\t\t\t\t\t\t\t\t<a class=\"elementor-toggle-title\" tabindex=\"0\">Est-que vous travailler avec les assurances sant\u00e9 n\u00e9erlandaises ?<\/a>\n\t\t\t\t\t<\/div>\n\n\t\t\t\t\t<div id=\"elementor-tab-content-1777\" class=\"elementor-tab-content elementor-clearfix\" data-tab=\"7\" role=\"region\" aria-labelledby=\"elementor-tab-title-1777\"><p>I do not have a contract with Health Insurance Providers. As a private practice, this means that you will be the one covering the fee and you will have to look for potential refund yourself. This do not mean that you can&#8217;t get any coverage of your therapy cost. Some international and dutch health insurance propose full or partial reimboursement. However these can differs depending on your insurance plan.\u00a0<\/p><\/div>\n\t\t\t\t<\/div>\n\t\t\t\t\t\t\t<div class=\"elementor-toggle-item\">\n\t\t\t\t\t<div id=\"elementor-tab-title-1778\" class=\"elementor-tab-title\" data-tab=\"8\" role=\"button\" aria-controls=\"elementor-tab-content-1778\" aria-expanded=\"false\">\n\t\t\t\t\t\t\t\t\t\t\t\t<span class=\"elementor-toggle-icon elementor-toggle-icon-left\" aria-hidden=\"true\">\n\t\t\t\t\t\t\t\t\t\t\t\t\t\t\t<span class=\"elementor-toggle-icon-closed\"><i class=\"fas fa-caret-right\"><\/i><\/span>\n\t\t\t\t\t\t\t\t<span class=\"elementor-toggle-icon-opened\"><i class=\"elementor-toggle-icon-opened fas fa-caret-up\"><\/i><\/span>\n\t\t\t\t\t\t\t\t\t\t\t\t\t<\/span>\n\t\t\t\t\t\t\t\t\t\t\t\t<a class=\"elementor-toggle-title\" tabindex=\"0\">Are your informations confidential ?<\/a>\n\t\t\t\t\t<\/div>\n\n\t\t\t\t\t<div id=\"elementor-tab-content-1778\" class=\"elementor-tab-content elementor-clearfix\" data-tab=\"8\" role=\"region\" aria-labelledby=\"elementor-tab-title-1778\"><p>La th\u00e9rapie est confidentielle, je ne partage pas d'informations sur vous et notre travail ensemble. Toutes les informations que vous partagez avec moi resteront entre nous. Je ne partage pas non plus d'informations confidentielles avec votre caisse d'assurance maladie, sauf si cela a \u00e9t\u00e9 discut\u00e9 ensemble au pr\u00e9alable.\u00a0<\/p><p>Cependant, il y a certaines situations o\u00f9 je dois partager certaines informations :\u00a0<\/p><ul><li>Vous me donnez votre consentement \u00e9crit pour partager certaines informations.\u00a0<\/li><li>Je re\u00e7ois l'ordre de partager certaines informations par le tribunal.\u00a0<\/li><li>Il y a certaines situations o\u00f9 je dois rompre la confidentialit\u00e9, par exemple si quelqu'un ou vous-m\u00eame \u00eates en danger imminent. J'essaierai bien s\u00fbr de vous en parler avant. Je vous invite \u00e0 lire l'int\u00e9gralit\u00e9 des Termes et conditions, <a href=\"http:\/\/ouicantalk.com\/fr\/terms-conditions\/\">here<\/a>.<\/li><\/ul><\/div>\n\t\t\t\t<\/div>\n\t\t\t\t\t\t\t<div class=\"elementor-toggle-item\">\n\t\t\t\t\t<div id=\"elementor-tab-title-1779\" class=\"elementor-tab-title\" data-tab=\"9\" role=\"button\" aria-controls=\"elementor-tab-content-1779\" aria-expanded=\"false\">\n\t\t\t\t\t\t\t\t\t\t\t\t<span class=\"elementor-toggle-icon elementor-toggle-icon-left\" aria-hidden=\"true\">\n\t\t\t\t\t\t\t\t\t\t\t\t\t\t\t<span class=\"elementor-toggle-icon-closed\"><i class=\"fas fa-caret-right\"><\/i><\/span>\n\t\t\t\t\t\t\t\t<span class=\"elementor-toggle-icon-opened\"><i class=\"elementor-toggle-icon-opened fas fa-caret-up\"><\/i><\/span>\n\t\t\t\t\t\t\t\t\t\t\t\t\t<\/span>\n\t\t\t\t\t\t\t\t\t\t\t\t<a class=\"elementor-toggle-title\" tabindex=\"0\">What can I expect during my first session ?<\/a>\n\t\t\t\t\t<\/div>\n\n\t\t\t\t\t<div id=\"elementor-tab-content-1779\" class=\"elementor-tab-content elementor-clearfix\" data-tab=\"9\" role=\"region\" aria-labelledby=\"elementor-tab-title-1779\"><p>The first session is an intake session, where the main goal is to get to know each other and discuss your reasons for seeking therapy. We&#8217;ll talk about your current situation, goals, and any challenges you\u2019re facing. This helps me understand how I can best support you and determine if we\u2019re a good fit to work together.<\/p><p>During this session, I\u2019ll also explain how therapy works, what to expect moving forward, and how we can track your progress.<\/p><p>I usually recommend scheduling at least 3 sessions upfront. This allows us enough time to establish a solid therapeutic relationship and see how things unfold. Three sessions give us a good sense of whether we\u2019re working well together and if the approach is effective for you.<\/p><\/div>\n\t\t\t\t<\/div>\n\t\t\t\t\t\t\t\t<\/div>\n\t\t\t\t\t\t<\/div>\n\t\t\t\t<\/div>\n\t\t\t\t\t<\/div>\n\t\t<\/div>\n\t\t\t\t\t<\/div>\n\t\t<\/section>\n\t\t\t\t<\/div>","protected":false},"excerpt":{"rendered":"<p>Frequently Asked Questions If you don\u2019t find the answer you\u2019re looking for, feel free to reach out to me directly through the contact page. Who can you support, and when should I seek specialized care? At Ouicantalk, I work with teenagers (12+), adults, caregivers, and families. You don\u2019t need a doctor\u2019s referral or a diagnosis [&hellip;]<\/p>\n","protected":false},"author":1,"featured_media":0,"parent":0,"menu_order":0,"comment_status":"closed","ping_status":"closed","template":"","meta":{"site-sidebar-layout":"no-sidebar","site-content-layout":"page-builder","ast-site-content-layout":"full-width-container","site-content-style":"unboxed","site-sidebar-style":"unboxed","ast-global-header-display":"","ast-banner-title-visibility":"","ast-main-header-display":"","ast-hfb-above-header-display":"","ast-hfb-below-header-display":"","ast-hfb-mobile-header-display":"","site-post-title":"disabled","ast-breadcrumbs-content":"","ast-featured-img":"disabled","footer-sml-layout":"","ast-disable-related-posts":"","theme-transparent-header-meta":"","adv-header-id-meta":"","stick-header-meta":"","header-above-stick-meta":"","header-main-stick-meta":"","header-below-stick-meta":"","astra-migrate-meta-layouts":"set","ast-page-background-enabled":"default","ast-page-background-meta":{"desktop":{"background-color":"","background-image":"","background-repeat":"repeat","background-position":"center center","background-size":"auto","background-attachment":"scroll","background-type":"","background-media":"","overlay-type":"","overlay-color":"","overlay-opacity":"","overlay-gradient":""},"tablet":{"background-color":"","background-image":"","background-repeat":"repeat","background-position":"center center","background-size":"auto","background-attachment":"scroll","background-type":"","background-media":"","overlay-type":"","overlay-color":"","overlay-opacity":"","overlay-gradient":""},"mobile":{"background-color":"","background-image":"","background-repeat":"repeat","background-position":"center center","background-size":"auto","background-attachment":"scroll","background-type":"","background-media":"","overlay-type":"","overlay-color":"","overlay-opacity":"","overlay-gradient":""}},"ast-content-background-meta":{"desktop":{"background-color":"var(--ast-global-color-5)","background-image":"","background-repeat":"repeat","background-position":"center center","background-size":"auto","background-attachment":"scroll","background-type":"","background-media":"","overlay-type":"","overlay-color":"","overlay-opacity":"","overlay-gradient":""},"tablet":{"background-color":"var(--ast-global-color-5)","background-image":"","background-repeat":"repeat","background-position":"center center","background-size":"auto","background-attachment":"scroll","background-type":"","background-media":"","overlay-type":"","overlay-color":"","overlay-opacity":"","overlay-gradient":""},"mobile":{"background-color":"var(--ast-global-color-5)","background-image":"","background-repeat":"repeat","background-position":"center center","background-size":"auto","background-attachment":"scroll","background-type":"","background-media":"","overlay-type":"","overlay-color":"","overlay-opacity":"","overlay-gradient":""}},"footnotes":""},"class_list":["post-54","page","type-page","status-publish","hentry"],"yoast_head":"<!-- This site is optimized with the Yoast SEO plugin v27.3 - https:\/\/yoast.com\/product\/yoast-seo-wordpress\/ -->\n<title>FAQ | Oui Can Talk - Therapy<\/title>\n<meta name=\"robots\" content=\"index, follow, max-snippet:-1, max-image-preview:large, max-video-preview:-1\" \/>\n<link rel=\"canonical\" href=\"https:\/\/ouicantalk.com\/fr\/infos\/\" \/>\n<meta property=\"og:locale\" content=\"fr_FR\" \/>\n<meta property=\"og:type\" content=\"article\" \/>\n<meta property=\"og:title\" content=\"FAQ | Oui Can Talk - Therapy\" \/>\n<meta property=\"og:description\" content=\"Frequently Asked Questions If you don\u2019t find the answer you\u2019re looking for, feel free to reach out to me directly through the contact page. Who can you support, and when should I seek specialized care? At Ouicantalk, I work with teenagers (12+), adults, caregivers, and families. You don\u2019t need a doctor\u2019s referral or a diagnosis [&hellip;]\" \/>\n<meta property=\"og:url\" content=\"https:\/\/ouicantalk.com\/fr\/infos\/\" \/>\n<meta property=\"og:site_name\" content=\"Oui Can Talk - Therapy\" \/>\n<meta property=\"article:modified_time\" content=\"2025-01-15T09:24:35+00:00\" \/>\n<meta name=\"twitter:card\" content=\"summary_large_image\" \/>\n<meta name=\"twitter:label1\" content=\"Dur\u00e9e de lecture estim\u00e9e\" \/>\n\t<meta name=\"twitter:data1\" content=\"4 minutes\" \/>\n<script type=\"application\/ld+json\" class=\"yoast-schema-graph\">{\"@context\":\"https:\\\/\\\/schema.org\",\"@graph\":[{\"@type\":\"WebPage\",\"@id\":\"https:\\\/\\\/ouicantalk.com\\\/infos\\\/\",\"url\":\"https:\\\/\\\/ouicantalk.com\\\/infos\\\/\",\"name\":\"FAQ | Oui Can Talk - Therapy\",\"isPartOf\":{\"@id\":\"https:\\\/\\\/ouicantalk.com\\\/#website\"},\"datePublished\":\"2022-06-02T19:08:13+00:00\",\"dateModified\":\"2025-01-15T09:24:35+00:00\",\"breadcrumb\":{\"@id\":\"https:\\\/\\\/ouicantalk.com\\\/infos\\\/#breadcrumb\"},\"inLanguage\":\"fr-FR\",\"potentialAction\":[{\"@type\":\"ReadAction\",\"target\":[\"https:\\\/\\\/ouicantalk.com\\\/infos\\\/\"]}]},{\"@type\":\"BreadcrumbList\",\"@id\":\"https:\\\/\\\/ouicantalk.com\\\/infos\\\/#breadcrumb\",\"itemListElement\":[{\"@type\":\"ListItem\",\"position\":1,\"name\":\"Home\",\"item\":\"https:\\\/\\\/ouicantalk.com\\\/\"},{\"@type\":\"ListItem\",\"position\":2,\"name\":\"FAQ\"}]},{\"@type\":\"WebSite\",\"@id\":\"https:\\\/\\\/ouicantalk.com\\\/#website\",\"url\":\"https:\\\/\\\/ouicantalk.com\\\/\",\"name\":\"Oui Can Talk - Therapy\",\"description\":\"French Psychologist specialised in expats and parenthood support\",\"publisher\":{\"@id\":\"https:\\\/\\\/ouicantalk.com\\\/#organization\"},\"potentialAction\":[{\"@type\":\"SearchAction\",\"target\":{\"@type\":\"EntryPoint\",\"urlTemplate\":\"https:\\\/\\\/ouicantalk.com\\\/?s={search_term_string}\"},\"query-input\":{\"@type\":\"PropertyValueSpecification\",\"valueRequired\":true,\"valueName\":\"search_term_string\"}}],\"inLanguage\":\"fr-FR\"},{\"@type\":\"Organization\",\"@id\":\"https:\\\/\\\/ouicantalk.com\\\/#organization\",\"name\":\"Oui Can Talk - Therapy\",\"url\":\"https:\\\/\\\/ouicantalk.com\\\/\",\"logo\":{\"@type\":\"ImageObject\",\"inLanguage\":\"fr-FR\",\"@id\":\"https:\\\/\\\/ouicantalk.com\\\/#\\\/schema\\\/logo\\\/image\\\/\",\"url\":\"https:\\\/\\\/ouicantalk.com\\\/wp-content\\\/uploads\\\/2023\\\/01\\\/cropped-Jpeg-logo.jpg\",\"contentUrl\":\"https:\\\/\\\/ouicantalk.com\\\/wp-content\\\/uploads\\\/2023\\\/01\\\/cropped-Jpeg-logo.jpg\",\"width\":1492,\"height\":1425,\"caption\":\"Oui Can Talk - Therapy\"},\"image\":{\"@id\":\"https:\\\/\\\/ouicantalk.com\\\/#\\\/schema\\\/logo\\\/image\\\/\"},\"sameAs\":[\"https:\\\/\\\/www.linkedin.com\\\/in\\\/ocane-barthere-43b24b267\\\/\"]}]}<\/script>\n<!-- \/ Yoast SEO plugin. -->","yoast_head_json":{"title":"FAQ | Oui Can Talk - Therapy","robots":{"index":"index","follow":"follow","max-snippet":"max-snippet:-1","max-image-preview":"max-image-preview:large","max-video-preview":"max-video-preview:-1"},"canonical":"https:\/\/ouicantalk.com\/fr\/infos\/","og_locale":"fr_FR","og_type":"article","og_title":"FAQ | Oui Can Talk - Therapy","og_description":"Frequently Asked Questions If you don\u2019t find the answer you\u2019re looking for, feel free to reach out to me directly through the contact page. Who can you support, and when should I seek specialized care? At Ouicantalk, I work with teenagers (12+), adults, caregivers, and families. You don\u2019t need a doctor\u2019s referral or a diagnosis [&hellip;]","og_url":"https:\/\/ouicantalk.com\/fr\/infos\/","og_site_name":"Oui Can Talk - Therapy","article_modified_time":"2025-01-15T09:24:35+00:00","twitter_card":"summary_large_image","twitter_misc":{"Dur\u00e9e de lecture estim\u00e9e":"4 minutes"},"schema":{"@context":"https:\/\/schema.org","@graph":[{"@type":"WebPage","@id":"https:\/\/ouicantalk.com\/infos\/","url":"https:\/\/ouicantalk.com\/infos\/","name":"FAQ | Oui Can Talk - Therapy","isPartOf":{"@id":"https:\/\/ouicantalk.com\/#website"},"datePublished":"2022-06-02T19:08:13+00:00","dateModified":"2025-01-15T09:24:35+00:00","breadcrumb":{"@id":"https:\/\/ouicantalk.com\/infos\/#breadcrumb"},"inLanguage":"fr-FR","potentialAction":[{"@type":"ReadAction","target":["https:\/\/ouicantalk.com\/infos\/"]}]},{"@type":"BreadcrumbList","@id":"https:\/\/ouicantalk.com\/infos\/#breadcrumb","itemListElement":[{"@type":"ListItem","position":1,"name":"Home","item":"https:\/\/ouicantalk.com\/"},{"@type":"ListItem","position":2,"name":"FAQ"}]},{"@type":"WebSite","@id":"https:\/\/ouicantalk.com\/#website","url":"https:\/\/ouicantalk.com\/","name":"Oui Can Talk - Therapy","description":"French Psychologist specialised in expats and parenthood support","publisher":{"@id":"https:\/\/ouicantalk.com\/#organization"},"potentialAction":[{"@type":"SearchAction","target":{"@type":"EntryPoint","urlTemplate":"https:\/\/ouicantalk.com\/?s={search_term_string}"},"query-input":{"@type":"PropertyValueSpecification","valueRequired":true,"valueName":"search_term_string"}}],"inLanguage":"fr-FR"},{"@type":"Organization","@id":"https:\/\/ouicantalk.com\/#organization","name":"Oui Can Talk - Therapy","url":"https:\/\/ouicantalk.com\/","logo":{"@type":"ImageObject","inLanguage":"fr-FR","@id":"https:\/\/ouicantalk.com\/#\/schema\/logo\/image\/","url":"https:\/\/ouicantalk.com\/wp-content\/uploads\/2023\/01\/cropped-Jpeg-logo.jpg","contentUrl":"https:\/\/ouicantalk.com\/wp-content\/uploads\/2023\/01\/cropped-Jpeg-logo.jpg","width":1492,"height":1425,"caption":"Oui Can Talk - Therapy"},"image":{"@id":"https:\/\/ouicantalk.com\/#\/schema\/logo\/image\/"},"sameAs":["https:\/\/www.linkedin.com\/in\/ocane-barthere-43b24b267\/"]}]}},"_links":{"self":[{"href":"https:\/\/ouicantalk.com\/fr\/wp-json\/wp\/v2\/pages\/54","targetHints":{"allow":["GET"]}}],"collection":[{"href":"https:\/\/ouicantalk.com\/fr\/wp-json\/wp\/v2\/pages"}],"about":[{"href":"https:\/\/ouicantalk.com\/fr\/wp-json\/wp\/v2\/types\/page"}],"author":[{"embeddable":true,"href":"https:\/\/ouicantalk.com\/fr\/wp-json\/wp\/v2\/users\/1"}],"replies":[{"embeddable":true,"href":"https:\/\/ouicantalk.com\/fr\/wp-json\/wp\/v2\/comments?post=54"}],"version-history":[{"count":67,"href":"https:\/\/ouicantalk.com\/fr\/wp-json\/wp\/v2\/pages\/54\/revisions"}],"predecessor-version":[{"id":2814,"href":"https:\/\/ouicantalk.com\/fr\/wp-json\/wp\/v2\/pages\/54\/revisions\/2814"}],"wp:attachment":[{"href":"https:\/\/ouicantalk.com\/fr\/wp-json\/wp\/v2\/media?parent=54"}],"curies":[{"name":"wp","href":"https:\/\/api.w.org\/{rel}","templated":true}]}}